{"id":4,"date":"2016-02-12T07:54:41","date_gmt":"2016-02-12T07:54:41","guid":{"rendered":"http:\/\/demos.famethemes.com\/onepress\/?page_id=4"},"modified":"2024-01-09T11:35:07","modified_gmt":"2024-01-09T11:35:07","slug":"home","status":"publish","type":"page","link":"https:\/\/petra-dunkel.de\/","title":{"rendered":"Home"},"content":{"rendered":"","protected":false},"excerpt":{"rendered":"","protected":false},"author":3,"featured_media":0,"parent":0,"menu_order":0,"comment_status":"closed","ping_status":"closed","template":"template-frontpage.php","meta":{"footnotes":""},"class_list":["post-4","page","type-page","status-publish","hentry"],"yoast_head":"<!-- This site is optimized with the Yoast SEO plugin v27.3 - https:\/\/yoast.com\/product\/yoast-seo-wordpress\/ -->\n<title>Home - Petra Dunkel - Demenzbegleitung und Beratung<\/title>\n<meta name=\"description\" content=\"Mein Anliegen ist es Menschen mit k\u00f6rperlichen, geistigen und psychischen Einschr\u00e4nkungen unabh\u00e4ngig ihres Alters auf ihrem Weg zu begleiten.\" \/>\n<meta name=\"robots\" content=\"index, follow, max-snippet:-1, max-image-preview:large, max-video-preview:-1\" \/>\n<link rel=\"canonical\" href=\"https:\/\/petra-dunkel.de\/\" \/>\n<meta property=\"og:locale\" content=\"de_DE\" \/>\n<meta property=\"og:type\" content=\"article\" \/>\n<meta property=\"og:title\" content=\"Home - Petra Dunkel - Demenzbegleitung und Beratung\" \/>\n<meta property=\"og:description\" content=\"Mein Anliegen ist es Menschen mit k\u00f6rperlichen, geistigen und psychischen Einschr\u00e4nkungen unabh\u00e4ngig ihres Alters auf ihrem Weg zu begleiten.\" \/>\n<meta property=\"og:url\" content=\"https:\/\/petra-dunkel.de\/\" \/>\n<meta property=\"og:site_name\" content=\"Petra Dunkel - Demenzbegleitung und Beratung\" \/>\n<meta property=\"article:modified_time\" content=\"2024-01-09T11:35:07+00:00\" \/>\n<meta name=\"twitter:card\" content=\"summary_large_image\" \/>\n<script type=\"application\/ld+json\" class=\"yoast-schema-graph\">{\"@context\":\"https:\\\/\\\/schema.org\",\"@graph\":[{\"@type\":\"WebPage\",\"@id\":\"https:\\\/\\\/petra-dunkel.de\\\/\",\"url\":\"https:\\\/\\\/petra-dunkel.de\\\/\",\"name\":\"Home - Petra Dunkel - Demenzbegleitung und Beratung\",\"isPartOf\":{\"@id\":\"https:\\\/\\\/petra-dunkel.de\\\/#website\"},\"datePublished\":\"2016-02-12T07:54:41+00:00\",\"dateModified\":\"2024-01-09T11:35:07+00:00\",\"description\":\"Mein Anliegen ist es Menschen mit k\u00f6rperlichen, geistigen und psychischen Einschr\u00e4nkungen unabh\u00e4ngig ihres Alters auf ihrem Weg zu begleiten.\",\"breadcrumb\":{\"@id\":\"https:\\\/\\\/petra-dunkel.de\\\/#breadcrumb\"},\"inLanguage\":\"de\",\"potentialAction\":[{\"@type\":\"ReadAction\",\"target\":[\"https:\\\/\\\/petra-dunkel.de\\\/\"]}]},{\"@type\":\"BreadcrumbList\",\"@id\":\"https:\\\/\\\/petra-dunkel.de\\\/#breadcrumb\",\"itemListElement\":[{\"@type\":\"ListItem\",\"position\":1,\"name\":\"Home\",\"item\":\"https:\\\/\\\/petra-dunkel.de\\\/\"},{\"@type\":\"ListItem\",\"position\":2,\"name\":\"Home\"}]},{\"@type\":\"WebSite\",\"@id\":\"https:\\\/\\\/petra-dunkel.de\\\/#website\",\"url\":\"https:\\\/\\\/petra-dunkel.de\\\/\",\"name\":\"Petra Dunkel - Demenzbegleitung\",\"description\":\"beratend, begleitend und unterst&uuml;tzend\",\"publisher\":{\"@id\":\"https:\\\/\\\/petra-dunkel.de\\\/#organization\"},\"alternateName\":\"Petra Dunkel - Demenzbegleitung und Beratung, GeriCoach\",\"potentialAction\":[{\"@type\":\"SearchAction\",\"target\":{\"@type\":\"EntryPoint\",\"urlTemplate\":\"https:\\\/\\\/petra-dunkel.de\\\/?s={search_term_string}\"},\"query-input\":{\"@type\":\"PropertyValueSpecification\",\"valueRequired\":true,\"valueName\":\"search_term_string\"}}],\"inLanguage\":\"de\"},{\"@type\":\"Organization\",\"@id\":\"https:\\\/\\\/petra-dunkel.de\\\/#organization\",\"name\":\"Petra Dunkel - Demenzbegleitung und Beratung, GeriCoach\",\"url\":\"https:\\\/\\\/petra-dunkel.de\\\/\",\"logo\":{\"@type\":\"ImageObject\",\"inLanguage\":\"de\",\"@id\":\"https:\\\/\\\/petra-dunkel.de\\\/#\\\/schema\\\/logo\\\/image\\\/\",\"url\":\"https:\\\/\\\/petra-dunkel.de\\\/wp-content\\\/uploads\\\/2024\\\/01\\\/cropped-cropped-Logo-Petra-Dunkel.png\",\"contentUrl\":\"https:\\\/\\\/petra-dunkel.de\\\/wp-content\\\/uploads\\\/2024\\\/01\\\/cropped-cropped-Logo-Petra-Dunkel.png\",\"width\":846,\"height\":274,\"caption\":\"Petra Dunkel - Demenzbegleitung und Beratung, GeriCoach\"},\"image\":{\"@id\":\"https:\\\/\\\/petra-dunkel.de\\\/#\\\/schema\\\/logo\\\/image\\\/\"}}]}<\/script>\n<!-- \/ Yoast SEO plugin. -->","yoast_head_json":{"title":"Home - Petra Dunkel - Demenzbegleitung und Beratung","description":"Mein Anliegen ist es Menschen mit k\u00f6rperlichen, geistigen und psychischen Einschr\u00e4nkungen unabh\u00e4ngig ihres Alters auf ihrem Weg zu begleiten.","robots":{"index":"index","follow":"follow","max-snippet":"max-snippet:-1","max-image-preview":"max-image-preview:large","max-video-preview":"max-video-preview:-1"},"canonical":"https:\/\/petra-dunkel.de\/","og_locale":"de_DE","og_type":"article","og_title":"Home - Petra Dunkel - Demenzbegleitung und Beratung","og_description":"Mein Anliegen ist es Menschen mit k\u00f6rperlichen, geistigen und psychischen Einschr\u00e4nkungen unabh\u00e4ngig ihres Alters auf ihrem Weg zu begleiten.","og_url":"https:\/\/petra-dunkel.de\/","og_site_name":"Petra Dunkel - Demenzbegleitung und Beratung","article_modified_time":"2024-01-09T11:35:07+00:00","twitter_card":"summary_large_image","schema":{"@context":"https:\/\/schema.org","@graph":[{"@type":"WebPage","@id":"https:\/\/petra-dunkel.de\/","url":"https:\/\/petra-dunkel.de\/","name":"Home - Petra Dunkel - Demenzbegleitung und Beratung","isPartOf":{"@id":"https:\/\/petra-dunkel.de\/#website"},"datePublished":"2016-02-12T07:54:41+00:00","dateModified":"2024-01-09T11:35:07+00:00","description":"Mein Anliegen ist es Menschen mit k\u00f6rperlichen, geistigen und psychischen Einschr\u00e4nkungen unabh\u00e4ngig ihres Alters auf ihrem Weg zu begleiten.","breadcrumb":{"@id":"https:\/\/petra-dunkel.de\/#breadcrumb"},"inLanguage":"de","potentialAction":[{"@type":"ReadAction","target":["https:\/\/petra-dunkel.de\/"]}]},{"@type":"BreadcrumbList","@id":"https:\/\/petra-dunkel.de\/#breadcrumb","itemListElement":[{"@type":"ListItem","position":1,"name":"Home","item":"https:\/\/petra-dunkel.de\/"},{"@type":"ListItem","position":2,"name":"Home"}]},{"@type":"WebSite","@id":"https:\/\/petra-dunkel.de\/#website","url":"https:\/\/petra-dunkel.de\/","name":"Petra Dunkel - Demenzbegleitung","description":"beratend, begleitend und unterst&uuml;tzend","publisher":{"@id":"https:\/\/petra-dunkel.de\/#organization"},"alternateName":"Petra Dunkel - Demenzbegleitung und Beratung, GeriCoach","potentialAction":[{"@type":"SearchAction","target":{"@type":"EntryPoint","urlTemplate":"https:\/\/petra-dunkel.de\/?s={search_term_string}"},"query-input":{"@type":"PropertyValueSpecification","valueRequired":true,"valueName":"search_term_string"}}],"inLanguage":"de"},{"@type":"Organization","@id":"https:\/\/petra-dunkel.de\/#organization","name":"Petra Dunkel - Demenzbegleitung und Beratung, GeriCoach","url":"https:\/\/petra-dunkel.de\/","logo":{"@type":"ImageObject","inLanguage":"de","@id":"https:\/\/petra-dunkel.de\/#\/schema\/logo\/image\/","url":"https:\/\/petra-dunkel.de\/wp-content\/uploads\/2024\/01\/cropped-cropped-Logo-Petra-Dunkel.png","contentUrl":"https:\/\/petra-dunkel.de\/wp-content\/uploads\/2024\/01\/cropped-cropped-Logo-Petra-Dunkel.png","width":846,"height":274,"caption":"Petra Dunkel - Demenzbegleitung und Beratung, GeriCoach"},"image":{"@id":"https:\/\/petra-dunkel.de\/#\/schema\/logo\/image\/"}}]}},"_links":{"self":[{"href":"https:\/\/petra-dunkel.de\/index.php?rest_route=\/wp\/v2\/pages\/4","targetHints":{"allow":["GET"]}}],"collection":[{"href":"https:\/\/petra-dunkel.de\/index.php?rest_route=\/wp\/v2\/pages"}],"about":[{"href":"https:\/\/petra-dunkel.de\/index.php?rest_route=\/wp\/v2\/types\/page"}],"author":[{"embeddable":true,"href":"https:\/\/petra-dunkel.de\/index.php?rest_route=\/wp\/v2\/users\/3"}],"replies":[{"embeddable":true,"href":"https:\/\/petra-dunkel.de\/index.php?rest_route=%2Fwp%2Fv2%2Fcomments&post=4"}],"version-history":[{"count":1,"href":"https:\/\/petra-dunkel.de\/index.php?rest_route=\/wp\/v2\/pages\/4\/revisions"}],"predecessor-version":[{"id":1654,"href":"https:\/\/petra-dunkel.de\/index.php?rest_route=\/wp\/v2\/pages\/4\/revisions\/1654"}],"wp:attachment":[{"href":"https:\/\/petra-dunkel.de\/index.php?rest_route=%2Fwp%2Fv2%2Fmedia&parent=4"}],"curies":[{"name":"wp","href":"https:\/\/api.w.org\/{rel}","templated":true}]}}